{"id":1318,"date":"2016-09-29T05:41:30","date_gmt":"2016-09-29T05:41:30","guid":{"rendered":"http:\/\/www.sou-cakovice.cz\/?page_id=1318"},"modified":"2026-04-01T08:12:57","modified_gmt":"2026-04-01T08:12:57","slug":"organizace-skolniho-roku","status":"publish","type":"page","link":"https:\/\/www.sou-cakovice.cz\/?page_id=1318","title":{"rendered":"Organizace \u0161koln\u00edho roku"},"content":{"rendered":"<p style=\"text-align: center;\">V\u0161echny d\u016fle\u017eit\u00e9 term\u00edny\u00a0 naleznete v dokumentu: <a href=\"\/wp-content\/uploads\/ORGANIZACE-SKOLNIHO-ROKU-2026.pdf\" target=\"_blank\" rel=\"noopener\">ORGANIZACE \u0160KOLN\u00cdHO ROKU 2025\/2026<\/a><\/p>\n","protected":false},"excerpt":{"rendered":"<p>V\u0161echny d\u016fle\u017eit\u00e9 term\u00edny\u00a0 naleznete v dokumentu: ORGANIZACE \u0160KOLN\u00cdHO ROKU 2025\/2026<\/p>\n","protected":false},"author":2,"featured_media":0,"parent":0,"menu_order":20,"comment_status":"open","ping_status":"open","template":"","meta":{"_mc_calendar":[],"footnotes":""},"class_list":["post-1318","page","type-page","status-publish","hentry"],"acf":[],"_links":{"self":[{"href":"https:\/\/www.sou-cakovice.cz\/index.php?rest_route=\/wp\/v2\/pages\/1318","targetHints":{"allow":["GET"]}}],"collection":[{"href":"https:\/\/www.sou-cakovice.cz\/index.php?rest_route=\/wp\/v2\/pages"}],"about":[{"href":"https:\/\/www.sou-cakovice.cz\/index.php?rest_route=\/wp\/v2\/types\/page"}],"author":[{"embeddable":true,"href":"https:\/\/www.sou-cakovice.cz\/index.php?rest_route=\/wp\/v2\/users\/2"}],"replies":[{"embeddable":true,"href":"https:\/\/www.sou-cakovice.cz\/index.php?rest_route=%2Fwp%2Fv2%2Fcomments&post=1318"}],"version-history":[{"count":21,"href":"https:\/\/www.sou-cakovice.cz\/index.php?rest_route=\/wp\/v2\/pages\/1318\/revisions"}],"predecessor-version":[{"id":7318,"href":"https:\/\/www.sou-cakovice.cz\/index.php?rest_route=\/wp\/v2\/pages\/1318\/revisions\/7318"}],"wp:attachment":[{"href":"https:\/\/www.sou-cakovice.cz\/index.php?rest_route=%2Fwp%2Fv2%2Fmedia&parent=1318"}],"curies":[{"name":"wp","href":"https:\/\/api.w.org\/{rel}","templated":true}]}}