{"id":1707,"date":"2017-01-10T05:27:56","date_gmt":"2017-01-10T05:27:56","guid":{"rendered":"http:\/\/www.sou-cakovice.cz\/?page_id=1707"},"modified":"2021-09-08T07:20:54","modified_gmt":"2021-09-08T07:20:54","slug":"skolni-psycholog","status":"publish","type":"page","link":"https:\/\/www.sou-cakovice.cz\/?page_id=1707","title":{"rendered":"\u0160koln\u00ed psycholog"},"content":{"rendered":"<p><\/p>\n<p style=\"text-align: center;\"><strong>V\u00e1\u017een\u00ed rodi\u010de,<\/strong><\/p>\n<p style=\"text-align: center;\"><strong>v r\u00e1mci snahy o poskytov\u00e1n\u00ed co nejlep\u0161\u00ed p\u00e9\u010de Va\u0161im d\u011btem \u0161kola z\u0159\u00eddila od 1. 1. 2017 pozici \u0161koln\u00edho psychologa.<\/strong><\/p>\n<p style=\"text-align: center;\">E-mail: psycholog@sou-cakovice.cz<\/p>\n<p style=\"text-align: center;\">Telefon: 777 025 440<\/p>\n<p style=\"text-align: center;\"><strong>N\u00e1v\u0161t\u011bvn\u00ed hodiny pro \u017e\u00e1ky \u0161koly a jejich z\u00e1konn\u00e9 z\u00e1stupce:<\/strong><\/p>\n<p style=\"text-align: center;\">PO &#8211; ST 8:00 &#8211; 14:00 a d\u00e1le dle domluvy<\/p>\n<p style=\"text-align: center;\">V p\u0159\u00edpad\u011b pot\u0159eby je mo\u017en\u00e9 sjednat jin\u00fd \u010das.<\/p>\n<p style=\"text-align: center;\">Konzultace je t\u0159eba domluvit p\u0159edem.<\/p>\n<hr \/>\n<p style=\"text-align: center;\"><strong>N\u00e1pl\u0148 pr\u00e1ce \u0161koln\u00edho psychologa:<\/strong><\/p>\n<p style=\"text-align: center;\">\u00b7\u00a0\u00a0\u00a0\u00a0\u00a0\u00a0\u00a0\u00a0 Poskytov\u00e1n\u00ed individu\u00e1ln\u00edch konzultac\u00ed \u017e\u00e1k\u016fm a jejich z\u00e1konn\u00fdm z\u00e1stupc\u016fm.<\/p>\n<p style=\"text-align: center;\">\u00b7\u00a0\u00a0\u00a0\u00a0\u00a0\u00a0\u00a0\u00a0 Pr\u00e1ce s t\u0159\u00eddn\u00edmi kolektivy.<\/p>\n<p style=\"text-align: center;\">\u00b7\u00a0\u00a0\u00a0\u00a0\u00a0\u00a0\u00a0\u00a0 Metodick\u00e1 podpora u\u010ditel\u016fm.<\/p>\n<p style=\"text-align: center;\">\u00b7\u00a0\u00a0\u00a0\u00a0\u00a0\u00a0\u00a0\u00a0 Rozv\u00edjen\u00ed osobnosti \u017e\u00e1k\u016f.<\/p>\n<p style=\"text-align: center;\">\u00b7\u00a0\u00a0\u00a0\u00a0\u00a0\u00a0\u00a0\u00a0 P\u00e9\u010de o \u017e\u00e1ky se speci\u00e1ln\u00edmi vzd\u011bl\u00e1vac\u00edmi pot\u0159ebami.<\/p>\n<p style=\"text-align: center;\">\u00b7\u00a0\u00a0\u00a0\u00a0\u00a0\u00a0\u00a0\u00a0 Spolupr\u00e1ce se \u0161kolsk\u00fdmi poradensk\u00fdmi za\u0159\u00edzen\u00edmi (PPP, SPC).<\/p>\n<p><\/p>","protected":false},"excerpt":{"rendered":"<p>V\u00e1\u017een\u00ed rodi\u010de, v r\u00e1mci snahy o poskytov\u00e1n\u00ed co nejlep\u0161\u00ed p\u00e9\u010de Va\u0161im d\u011btem \u0161kola z\u0159\u00eddila od 1. 1. 2017 pozici \u0161koln\u00edho psychologa. E-mail: psycholog@sou-cakovice.cz Telefon: 777 025 440 N\u00e1v\u0161t\u011bvn\u00ed hodiny pro \u017e\u00e1ky \u0161koly a jejich z\u00e1konn\u00e9 z\u00e1stupce: PO &#8211; ST 8:00 &#8211; 14:00 a d\u00e1le dle domluvy V p\u0159\u00edpad\u011b pot\u0159eby je mo\u017en\u00e9 sjednat jin\u00fd \u010das. Konzultace [&hellip;]<\/p>\n","protected":false},"author":2,"featured_media":0,"parent":0,"menu_order":19,"comment_status":"open","ping_status":"open","template":"","meta":{"_mc_calendar":[],"footnotes":""},"class_list":["post-1707","page","type-page","status-publish","hentry"],"acf":[],"_links":{"self":[{"href":"https:\/\/www.sou-cakovice.cz\/index.php?rest_route=\/wp\/v2\/pages\/1707","targetHints":{"allow":["GET"]}}],"collection":[{"href":"https:\/\/www.sou-cakovice.cz\/index.php?rest_route=\/wp\/v2\/pages"}],"about":[{"href":"https:\/\/www.sou-cakovice.cz\/index.php?rest_route=\/wp\/v2\/types\/page"}],"author":[{"embeddable":true,"href":"https:\/\/www.sou-cakovice.cz\/index.php?rest_route=\/wp\/v2\/users\/2"}],"replies":[{"embeddable":true,"href":"https:\/\/www.sou-cakovice.cz\/index.php?rest_route=%2Fwp%2Fv2%2Fcomments&post=1707"}],"version-history":[{"count":6,"href":"https:\/\/www.sou-cakovice.cz\/index.php?rest_route=\/wp\/v2\/pages\/1707\/revisions"}],"predecessor-version":[{"id":5041,"href":"https:\/\/www.sou-cakovice.cz\/index.php?rest_route=\/wp\/v2\/pages\/1707\/revisions\/5041"}],"wp:attachment":[{"href":"https:\/\/www.sou-cakovice.cz\/index.php?rest_route=%2Fwp%2Fv2%2Fmedia&parent=1707"}],"curies":[{"name":"wp","href":"https:\/\/api.w.org\/{rel}","templated":true}]}}