{"id":3530,"date":"2018-10-16T06:23:59","date_gmt":"2018-10-16T06:23:59","guid":{"rendered":"http:\/\/www.sou-cakovice.cz\/?page_id=3530"},"modified":"2025-06-26T10:24:16","modified_gmt":"2025-06-26T10:24:16","slug":"skolni-informacni-system-edookit","status":"publish","type":"page","link":"https:\/\/www.sou-cakovice.cz\/?page_id=3530","title":{"rendered":"\u0160koln\u00ed informa\u010dn\u00ed syst\u00e9m EDOOKIT"},"content":{"rendered":"<p><\/p>\n<p style=\"text-align: left;\" data-start=\"138\" data-end=\"169\"><strong data-start=\"138\" data-end=\"169\">V\u00e1\u017een\u00ed rodi\u010de, v\u00e1\u017een\u00ed \u017e\u00e1ci,<\/strong><\/p>\n<p style=\"text-align: left;\" data-start=\"171\" data-end=\"278\">na\u0161e \u0161kola vyu\u017e\u00edv\u00e1 pro komunikaci a p\u0159ed\u00e1v\u00e1n\u00ed informac\u00ed mezi \u0161kolou a rodi\u010di <strong data-start=\"248\" data-end=\"277\">informa\u010dn\u00ed syst\u00e9m<\/strong><\/p>\n<p style=\"text-align: center;\"><a style=\"font-size: revert;\" href=\"https:\/\/www.edookit.com\/cz\" target=\"_blank\" rel=\"noopener\">EDOOKIT.<\/a><\/p>\n<p data-start=\"280\" data-end=\"521\">Pro \u00fasp\u011b\u0161nou registraci do syst\u00e9mu V\u00e1s \u017e\u00e1d\u00e1me o p\u0159ed\u00e1n\u00ed funk\u010dn\u00edch e-mailov\u00fdch adres na <strong data-start=\"367\" data-end=\"387\">z\u00e1konn\u00e9 z\u00e1stupce<\/strong> i <strong data-start=\"390\" data-end=\"398\">\u017e\u00e1ky<\/strong> t\u0159\u00eddn\u00edm u\u010ditel\u016fm.<br data-start=\"416\" data-end=\"419\" \/>Na uvedenou e-mailovou adresu V\u00e1m bude zasl\u00e1no <strong data-start=\"466\" data-end=\"488\">p\u0159ihla\u0161ovac\u00ed jm\u00e9no<\/strong> a <strong data-start=\"491\" data-end=\"520\">odkaz pro nastaven\u00ed hesla<\/strong>.<\/p>\n<p data-start=\"523\" data-end=\"684\">Do syst\u00e9mu se m\u016f\u017eete p\u0159ihl\u00e1sit z jak\u00e9hokoliv po\u010d\u00edta\u010de pomoc\u00ed odkazu n\u00ed\u017ee.<\/p>\n<p data-start=\"686\" data-end=\"793\">V\u011b\u0159\u00edme, \u017ee tento syst\u00e9m p\u0159isp\u011bje ke zlep\u0161en\u00ed vz\u00e1jemn\u00e9 komunikace a bude p\u0159\u00ednosem pro Va\u0161e d\u011bti \u2013 na\u0161e \u017e\u00e1ky.<\/p>\n<p style=\"text-align: center;\"><strong>N\u00e1vod pro pr\u00e1ci se syst\u00e9mem resp. s rodi\u010dovsk\u00fdm port\u00e1lem naleznete<\/strong>\u00a0<a href=\"\/wp-content\/uploads\/rodicovsky-portal-v-3.0.pdf\" target=\"_blank\" rel=\"noopener\">ZDE<\/a><\/p>\n<p style=\"text-align: center;\"><strong>Vstup do syst\u00e9mu pro \u017e\u00e1ky a rodi\u010de:<\/strong><\/p>\n<p><a href=\"https:\/\/sou-cakovice.edookit.net\" target=\"_blank\" rel=\"noopener\"><img loading=\"lazy\" decoding=\"async\" class=\"aligncenter wp-image-3533 size-medium\" style=\"text-align: center;\" src=\"\/wp-content\/uploads\/edookit-logo-official-1-300x96.png\" alt=\"\" width=\"300\" height=\"96\" srcset=\"\/wp-content\/uploads\/edookit-logo-official-1-300x96.png 300w, \/wp-content\/uploads\/edookit-logo-official-1-768x245.png 768w, \/wp-content\/uploads\/edookit-logo-official-1-1024x326.png 1024w\" sizes=\"auto, (max-width: 300px) 100vw, 300px\" \/><\/a><\/p>\n<p style=\"text-align: center;\"><strong>Vstup do syst\u00e9mu pro u\u010ditele:<\/strong><\/p>\n<p style=\"text-align: center;\"><a href=\"https:\/\/sou-cakovice-login.edookit.net\" target=\"_blank\" rel=\"noopener\"><img loading=\"lazy\" decoding=\"async\" class=\"aligncenter wp-image-3533 size-medium\" src=\"\/wp-content\/uploads\/edookit-logo-official-1-300x96.png\" alt=\"\" width=\"300\" height=\"96\" srcset=\"\/wp-content\/uploads\/edookit-logo-official-1-300x96.png 300w, \/wp-content\/uploads\/edookit-logo-official-1-768x245.png 768w, \/wp-content\/uploads\/edookit-logo-official-1-1024x326.png 1024w\" sizes=\"auto, (max-width: 300px) 100vw, 300px\" \/><\/a><\/p>\n<p style=\"text-align: center;\"><strong>Informace pro p\u0159\u00edstup z mobiln\u00edch za\u0159\u00edzen\u00ed:\u00a0<a href=\"\/wp-content\/uploads\/N\u00e1vod-iOs.pdf\" target=\"_blank\" rel=\"noopener\">ZDE<\/a><\/strong><\/p>\n<p style=\"text-align: center;\">ID \u0161koly je: <strong>sou-cakovice<\/strong><\/p>\n<p>\u00a0<\/p>","protected":false},"excerpt":{"rendered":"<p>V\u00e1\u017een\u00ed rodi\u010de, v\u00e1\u017een\u00ed \u017e\u00e1ci, na\u0161e \u0161kola vyu\u017e\u00edv\u00e1 pro komunikaci a p\u0159ed\u00e1v\u00e1n\u00ed informac\u00ed mezi \u0161kolou a rodi\u010di informa\u010dn\u00ed syst\u00e9m EDOOKIT. Pro \u00fasp\u011b\u0161nou registraci do syst\u00e9mu V\u00e1s \u017e\u00e1d\u00e1me o p\u0159ed\u00e1n\u00ed funk\u010dn\u00edch e-mailov\u00fdch adres na z\u00e1konn\u00e9 z\u00e1stupce i \u017e\u00e1ky t\u0159\u00eddn\u00edm u\u010ditel\u016fm.Na uvedenou e-mailovou adresu V\u00e1m bude zasl\u00e1no p\u0159ihla\u0161ovac\u00ed jm\u00e9no a odkaz pro nastaven\u00ed hesla. Do syst\u00e9mu se m\u016f\u017eete [&hellip;]<\/p>\n","protected":false},"author":2,"featured_media":0,"parent":0,"menu_order":13,"comment_status":"closed","ping_status":"closed","template":"","meta":{"_mc_calendar":[],"footnotes":""},"class_list":["post-3530","page","type-page","status-publish","hentry"],"acf":[],"_links":{"self":[{"href":"https:\/\/www.sou-cakovice.cz\/index.php?rest_route=\/wp\/v2\/pages\/3530","targetHints":{"allow":["GET"]}}],"collection":[{"href":"https:\/\/www.sou-cakovice.cz\/index.php?rest_route=\/wp\/v2\/pages"}],"about":[{"href":"https:\/\/www.sou-cakovice.cz\/index.php?rest_route=\/wp\/v2\/types\/page"}],"author":[{"embeddable":true,"href":"https:\/\/www.sou-cakovice.cz\/index.php?rest_route=\/wp\/v2\/users\/2"}],"replies":[{"embeddable":true,"href":"https:\/\/www.sou-cakovice.cz\/index.php?rest_route=%2Fwp%2Fv2%2Fcomments&post=3530"}],"version-history":[{"count":17,"href":"https:\/\/www.sou-cakovice.cz\/index.php?rest_route=\/wp\/v2\/pages\/3530\/revisions"}],"predecessor-version":[{"id":7108,"href":"https:\/\/www.sou-cakovice.cz\/index.php?rest_route=\/wp\/v2\/pages\/3530\/revisions\/7108"}],"wp:attachment":[{"href":"https:\/\/www.sou-cakovice.cz\/index.php?rest_route=%2Fwp%2Fv2%2Fmedia&parent=3530"}],"curies":[{"name":"wp","href":"https:\/\/api.w.org\/{rel}","templated":true}]}}