{"id":5897,"date":"2022-11-21T13:08:40","date_gmt":"2022-11-21T13:08:40","guid":{"rendered":"https:\/\/www.sou-cakovice.cz\/?page_id=5897"},"modified":"2025-06-26T10:27:59","modified_gmt":"2025-06-26T10:27:59","slug":"skolska-rada","status":"publish","type":"page","link":"https:\/\/www.sou-cakovice.cz\/?page_id=5897","title":{"rendered":"\u0160kolsk\u00e1 rada"},"content":{"rendered":"\n<p class=\"has-text-align-center\"><strong>Slo\u017een\u00ed \u0161kolsk\u00e9 rady<\/strong><\/p>\n\n\n\n<figure class=\"wp-block-table\"><table><tbody><tr><td>\u010dlen za pedagogick\u00e9 pracovn\u00edky, <strong>P\u0159edseda \u0161kolsk\u00e9 rady<\/strong><\/td><td>Mgr. Libu\u0161e Z\u00e1vodn\u00edkov\u00e1 \u00a0&#8211; u\u010ditel<\/td><\/tr><tr><td>Za z\u00e1stupce z\u0159izovatele<\/td><td>Ing. Pavel H\u00e1jek<\/td><\/tr><tr><td>Za z\u00e1stupce z\u0159izovatele<\/td><td>Jana Dra\u0161t\u00edkov\u00e1<\/td><\/tr><tr><td>\u010dlen za pedagogick\u00e9 pracovn\u00edky<\/td><td>Mgr. Jakub \u010c\u00e1stka \u2013 z\u00e1stupce \u0159editelky pro teoretick\u00e9 vyu\u010dov\u00e1n\u00ed<\/td><\/tr><tr><td>\u010dlen (ZZ nezletil\u00fdch a z\u00e1stupce zletil\u00fdch)<\/td><td>Bc. Vlastimil Scho\u0159 \u00a0(z\u00e1konn\u00fd z\u00e1stupce \u017e\u00e1ka)<\/td><\/tr><tr><td>\u010dlen (ZZ nezletil\u00fdch a z\u00e1stupce zletil\u00fdch)<\/td><td>Vojt\u011bch Kr\u00e1l (zletil\u00fd \u017e\u00e1k)<\/td><\/tr><\/tbody><\/table><\/figure>\n","protected":false},"excerpt":{"rendered":"<p>Slo\u017een\u00ed \u0161kolsk\u00e9 rady \u010dlen za pedagogick\u00e9 pracovn\u00edky, P\u0159edseda \u0161kolsk\u00e9 rady Mgr. Libu\u0161e Z\u00e1vodn\u00edkov\u00e1 \u00a0&#8211; u\u010ditel Za z\u00e1stupce z\u0159izovatele Ing. Pavel H\u00e1jek Za z\u00e1stupce z\u0159izovatele Jana Dra\u0161t\u00edkov\u00e1 \u010dlen za pedagogick\u00e9 pracovn\u00edky Mgr. Jakub \u010c\u00e1stka \u2013 z\u00e1stupce \u0159editelky pro teoretick\u00e9 vyu\u010dov\u00e1n\u00ed \u010dlen (ZZ nezletil\u00fdch a z\u00e1stupce zletil\u00fdch) Bc. Vlastimil Scho\u0159 \u00a0(z\u00e1konn\u00fd z\u00e1stupce \u017e\u00e1ka) \u010dlen (ZZ nezletil\u00fdch a [&hellip;]<\/p>\n","protected":false},"author":2,"featured_media":0,"parent":0,"menu_order":1,"comment_status":"closed","ping_status":"closed","template":"","meta":{"_mc_calendar":[],"footnotes":""},"class_list":["post-5897","page","type-page","status-publish","hentry"],"acf":[],"_links":{"self":[{"href":"https:\/\/www.sou-cakovice.cz\/index.php?rest_route=\/wp\/v2\/pages\/5897","targetHints":{"allow":["GET"]}}],"collection":[{"href":"https:\/\/www.sou-cakovice.cz\/index.php?rest_route=\/wp\/v2\/pages"}],"about":[{"href":"https:\/\/www.sou-cakovice.cz\/index.php?rest_route=\/wp\/v2\/types\/page"}],"author":[{"embeddable":true,"href":"https:\/\/www.sou-cakovice.cz\/index.php?rest_route=\/wp\/v2\/users\/2"}],"replies":[{"embeddable":true,"href":"https:\/\/www.sou-cakovice.cz\/index.php?rest_route=%2Fwp%2Fv2%2Fcomments&post=5897"}],"version-history":[{"count":4,"href":"https:\/\/www.sou-cakovice.cz\/index.php?rest_route=\/wp\/v2\/pages\/5897\/revisions"}],"predecessor-version":[{"id":7112,"href":"https:\/\/www.sou-cakovice.cz\/index.php?rest_route=\/wp\/v2\/pages\/5897\/revisions\/7112"}],"wp:attachment":[{"href":"https:\/\/www.sou-cakovice.cz\/index.php?rest_route=%2Fwp%2Fv2%2Fmedia&parent=5897"}],"curies":[{"name":"wp","href":"https:\/\/api.w.org\/{rel}","templated":true}]}}